{"id":231,"date":"2022-08-06T15:20:54","date_gmt":"2022-08-06T13:20:54","guid":{"rendered":"https:\/\/www.marktix.com\/?page_id=231"},"modified":"2022-08-08T10:54:16","modified_gmt":"2022-08-08T08:54:16","slug":"datenschutzerklarung","status":"publish","type":"page","link":"https:\/\/www.marktix.com\/index.php\/datenschutzerklarung\/","title":{"rendered":"Datenschutzerkl\u00e4rung"},"content":{"rendered":"\t\t<div data-elementor-type=\"wp-page\" data-elementor-id=\"231\" class=\"elementor elementor-231\" data-elementor-settings=\"[]\">\n\t\t\t\t\t\t<div class=\"elementor-inner\">\n\t\t\t\t\t\t\t<div class=\"elementor-section-wrap\">\n\t\t\t\t\t\t\t<section class=\"elementor-section elementor-top-section elementor-element elementor-element-c6ebe4f elementor-section-boxed elementor-section-height-default elementor-section-height-default\" data-id=\"c6ebe4f\" data-element_type=\"section\">\n\t\t\t\t\t\t<div class=\"elementor-container elementor-column-gap-default\">\n\t\t\t\t\t\t\t<div class=\"elementor-row\">\n\t\t\t\t\t<div class=\"elementor-column elementor-col-100 elementor-top-column elementor-element elementor-element-d47d4a7\" data-id=\"d47d4a7\" data-element_type=\"column\">\n\t\t\t<div class=\"elementor-column-wrap elementor-element-populated\">\n\t\t\t\t\t\t\t<div class=\"elementor-widget-wrap\">\n\t\t\t\t\t\t<div class=\"elementor-element elementor-element-77abfcc elementor-widget elementor-widget-text-editor\" data-id=\"77abfcc\" data-element_type=\"widget\" data-widget_type=\"text-editor.default\">\n\t\t\t\t<div class=\"elementor-widget-container\">\n\t\t\t\t\t\t\t\t<div class=\"elementor-text-editor elementor-clearfix\">\n\t\t\t\t\t<p>Datenschutzerkl\u00e4rung<\/p><p>In dieser Datenschutzerkl\u00e4rung erfahren Sie, welche Personendaten\u00a0von uns erhoben werden und welche Zwecke wir damit verfolgen\u00a0<span style=\"color: var( --e-global-color-text ); font-family: var( --e-global-typography-text-font-family ), Sans-serif; font-weight: var( --e-global-typography-text-font-weight ); font-size: 1rem;\">insbesondere im Zusammenhang mit unserer marktix.com-Website und unserem sonstigen Angebot (bspw. mein-wettbewerb.ch oder der Facebook-Seite mein-wettbewerb.ch).<\/span><span style=\"color: var( --e-global-color-text ); font-family: var( --e-global-typography-text-font-family ), Sans-serif; font-weight: var( --e-global-typography-text-font-weight ); font-size: 1rem;\">\u00a0<\/span><\/p><p>Personenbezogene Daten sind alle Daten, mit denen Sie\u00a0<span style=\"color: var( --e-global-color-text ); font-family: var( --e-global-typography-text-font-family ), Sans-serif; font-weight: var( --e-global-typography-text-font-weight ); font-size: 1rem;\">pers\u00f6nlich identifiziert werden k\u00f6nnen.\u00a0<\/span><span style=\"color: var( --e-global-color-text ); font-family: var( --e-global-typography-text-font-family ), Sans-serif; font-weight: var( --e-global-typography-text-font-weight ); font-size: 1rem;\">Wir informieren mit dieser Datenschutzerkl\u00e4rung \u00fcber die Rechte von Personen, deren Daten wir bearbeiten.\u00a0<\/span><span style=\"color: var( --e-global-color-text ); font-family: var( --e-global-typography-text-font-family ), Sans-serif; font-weight: var( --e-global-typography-text-font-weight ); font-size: 1rem;\">F\u00fcr einzelne oder zus\u00e4tzliche Angebote und Leistungen k\u00f6nnen besondere, erg\u00e4nzende oder weitere Datenschutzerkl\u00e4rungen sowie sonstige rechtliche Dokumente wie Allgemeine Gesch\u00e4ftsbedingungen (AGB), Nutzungsbedingungen oder Teilnahmebedingungen gelten.<\/span><\/p><ol><li>Kontaktadressen<\/li><\/ol><p>Die Datenverarbeitung auf dieser Website erfolgt durch den Websitebetreiber:<\/p><p>MarktIX AG<\/p><p>Sinserstrasse 65<\/p><p>6330 Cham<\/p><p>Schweiz<\/p><p><a href=\"mailto:info@marktix.com\">info@marktix.com<\/a><\/p><p>Wir weisen darauf hin, wenn es im Einzelfall andere Verantwortliche f\u00fcr die Bearbeitung von Personendaten gibt.<\/p><ol start=\"2\"><li>Bearbeitung von Personendaten<\/li><\/ol><p>2.1 Begriffe<\/p><p>Personendaten sind alle Angaben, die sich auf eine bestimmte oder bestimmbare Person beziehen. Eine betroffene Person ist eine Person, \u00fcber die Personendaten bearbeitet werden. Bearbeiten umfasst jeden Umgang mit Personendaten, unabh\u00e4ngig von den angewandten Mitteln und Verfahren, insbesondere das Aufbewahren, Bekanntgeben, Beschaffen, Erheben, L\u00f6schen, Speichern, Ver\u00e4ndern, Vernichten und Verwenden von Personendaten.<\/p><p>2.2 Rechtsgrundlagen<\/p><p>Wir bearbeiten Personendaten im Einklang mit dem schweizerischen Datenschutzrecht wie insbesondere dem Bundesgesetz \u00fcber den Datenschutz (DSG) und der Verordnung zum Bundesgesetz \u00fcber den Datenschutz (VDSG).<\/p><p>2.3 Art, Umfang und Zweck<\/p><p>Wir bearbeiten jene Personendaten, die erforderlich sind, um unser Angebot dauerhaft, nutzerfreundlich, sicher und zuverl\u00e4ssig bereitstellen zu k\u00f6nnen. Solche Personendaten k\u00f6nnen in die Kategorien von Bestandes- und Kontaktdaten, Browser- und Ger\u00e4tedaten, Inhaltsdaten, Meta- beziehungsweise Randdaten und Nutzungsdaten, Standortdaten, Verkaufs-, Vertrags- und Zahlungsdaten fallen.<\/p><p>Wir bearbeiten Personendaten w\u00e4hrend jener Dauer, die f\u00fcr den jeweiligen Zweck beziehungsweise die jeweiligen Zwecke oder gesetzlich erforderlich ist. Personendaten, deren Bearbeitung nicht mehr erforderlich ist, werden anonymisiert oder gel\u00f6scht. Personen, deren Daten wir bearbeiten, haben grunds\u00e4tzlich ein Recht auf L\u00f6schung.<\/p><p>Wir bearbeiten Personendaten grunds\u00e4tzlich nur nach Einwilligung der betroffenen Person, es sei denn, die Bearbeitung ist aus anderen rechtlichen Gr\u00fcnden zul\u00e4ssig, beispielsweise zur Erf\u00fcllung eines Vertrages mit der betroffenen Person und f\u00fcr entsprechende vorvertragliche Massnahmen, um unsere \u00fcberwiegenden berechtigten Interessen zu wahren, weil die Bearbeitung aus den Umst\u00e4nden ersichtlich ist oder nach vorg\u00e4ngiger Information.<\/p><p>In diesem Rahmen bearbeiten wir insbesondere Angaben, die eine betroffene Person bei der Kontaktaufnahme \u2013 beispielsweise per Briefpost, E-Mail, Kontaktformular, Social Media oder Telefon \u2013 oder bei der Registrierung f\u00fcr ein Nutzerkonto freiwillig und selbst an uns \u00fcbermittelt. Wir k\u00f6nnen solche Angaben beispielsweise in einem Adressbuch oder mit vergleichbaren Hilfsmitteln speichern. Sofern Sie Personendaten \u00fcber Dritte an uns \u00fcbermitteln, sind Sie verpflichtet, den Datenschutz gegen\u00fcber solchen Dritten zu gew\u00e4hrleisten sowie die Richtigkeit solcher Personendaten sicherzustellen.<\/p><p>Wir bearbeiten ausserdem Personendaten, die wir von Dritten erhalten, aus \u00f6ffentlich zug\u00e4nglichen Quellen beschaffen oder bei der Bereitstellung unseres Angebotes erheben, sofern und soweit eine solche Bearbeitung aus rechtlichen Gr\u00fcnden zul\u00e4ssig ist.<\/p><p>2.4 Bearbeitung von Personendaten durch Dritte, auch im Ausland<\/p><p>Wir k\u00f6nnen Personendaten durch beauftragte Dritte bearbeiten lassen oder gemeinsam mit Dritten sowie mit Hilfe von Dritten bearbeiten oder an Dritte \u00fcbermitteln. Bei solchen Dritten handelt es sich insbesondere um Anbieter, deren Leistungen wir in Anspruch nehmen. Wir gew\u00e4hrleisten auch bei solchen Dritten einen angemessenen Datenschutz.<\/p><p>Solche Dritte befinden sich grunds\u00e4tzlich in der Schweiz sowie im Europ\u00e4ischen Wirtschaftsraum (EWR). Solche Dritte k\u00f6nnen sich aber auch in sonstigen Staaten und Territorien befinden, sofern deren Datenschutzrecht nach Einsch\u00e4tzung des Eidgen\u00f6ssischen Datenschutz- und \u00d6ffentlichkeitsbeauftragten (ED\u00d6B) einen angemessenen Datenschutz gew\u00e4hrleistet, oder wenn aus anderen Gr\u00fcnden, wie beispielsweise durch eine entsprechende vertragliche Vereinbarung, insbesondere auf Grundlage von Standardvertragsklauseln, oder durch eine entsprechende Zertifizierung, ein angemessener Datenschutz gew\u00e4hrleistet ist. Ausnahmsweise kann sich ein solcher Dritter in einem Land ohne angemessenen Datenschutz befinden, sofern daf\u00fcr die datenschutzrechtlichen Voraussetzungen wie beispielsweise die ausdr\u00fcckliche Einwilligung der betroffenen Person erf\u00fcllt werden.<\/p><ol start=\"3\"><li>Rechte von betroffenen Personen<\/li><\/ol><p>Betroffene Personen, deren Personendaten wir bearbeiten, verf\u00fcgen \u00fcber die Rechte gem\u00e4ss schweizerischem Datenschutzrecht. Dazu z\u00e4hlen das Recht auf Auskunft sowie das Recht auf Berichtigung, L\u00f6schung oder Sperrung der bearbeiteten Personendaten.<\/p><p>Betroffene Personen, deren Personendaten wir bearbeiten, verf\u00fcgen \u00fcber ein Beschwerderecht bei einer zust\u00e4ndigen Aufsichtsbeh\u00f6rde. Aufsichtsbeh\u00f6rde f\u00fcr den Datenschutz in der Schweiz ist der Eidgen\u00f6ssische Datenschutz- und \u00d6ffentlichkeitsbeauftragte (ED\u00d6B).<\/p><ol start=\"4\"><li>Datensicherheit<\/li><\/ol><p>Wir treffen angemessene sowie geeignete technische und organisatorische Massnahmen, um den Datenschutz und insbesondere die Datensicherheit zu gew\u00e4hrleisten. Allerdings kann die Bearbeitung von Personendaten im Internet trotz solcher Massnahmen immer Sicherheitsl\u00fccken aufweisen. Wir k\u00f6nnen deshalb keine absolute Datensicherheit gew\u00e4hrleisten.<\/p><p>Der Zugriff auf unser Online-Angebot erfolgt mittels Transportverschl\u00fcsselung (SSL \/ TLS, insbesondere mit dem Hypertext Transfer Protocol Secure, abgek\u00fcrzt HTTPS). Die meisten Browser kennzeichnen Transportverschl\u00fcsselung mit einem Vorh\u00e4ngeschloss in der Adressleiste.<\/p><p>Der Zugriff auf unser Online-Angebot unterliegt \u2013 wie grunds\u00e4tzlich jede Internet-Nutzung \u2013 der anlasslosen und verdachtsunabh\u00e4ngigen Massen\u00fcberwachung sowie sonstigen \u00dcberwachung durch Sicherheitsbeh\u00f6rden in der Schweiz, in der Europ\u00e4ischen Union (EU), in den Vereinigten Staaten von Amerika (USA) und in anderen Staaten. Wir k\u00f6nnen keinen direkten Einfluss auf die entsprechende Bearbeitung von Personendaten durch Geheimdienste, Polizeistellen und andere Sicherheitsbeh\u00f6rden nehmen.<\/p><ol start=\"5\"><li>Nutzung der Website<\/li><\/ol><p>5.1 Cookies<\/p><p>Wir k\u00f6nnen Cookies f\u00fcr unsere Website verwenden. Bei Cookies \u2013 bei eigenen Cookies (First-Party-Cookies) als auch bei Cookies von Dritten, deren Dienste wir nutzen (Cookies von Dritten beziehungsweise Third-Party-Cookies) \u2013 handelt es sich um Daten, die in Ihrem Browser gespeichert werden. Solche gespeicherten Daten m\u00fcssen nicht auf traditionelle Cookies in Textform beschr\u00e4nkt sein. Cookies k\u00f6nnen keine Programme ausf\u00fchren oder Schadsoftware wie Trojaner und Viren \u00fcbertragen.<\/p><p>Cookies k\u00f6nnen beim Besuch unserer Website in Ihrem Browser tempor\u00e4r als \u00abSession Cookies\u00bb oder f\u00fcr einen bestimmten Zeitraum als sogenannte permanente Cookies gespeichert werden. \u00abSession Cookies\u00bb werden automatisch gel\u00f6scht, wenn Sie Ihren Browser schliessen. Permanente Cookies haben eine bestimmte Speicherdauer. Sie erm\u00f6glichen insbesondere, Ihren Browser beim n\u00e4chsten Besuch unserer Website wiederzuerkennen und dadurch beispielsweise die Reichweite unserer Website zu messen. Permanente Cookies k\u00f6nnen aber beispielsweise auch f\u00fcr Online-Marketing verwendet werden.<\/p><p>Sie k\u00f6nnen Cookies in Ihren Browser-Einstellungen jederzeit ganz oder teilweise deaktivieren sowie l\u00f6schen. Ohne Cookies steht unsere Website allenfalls nicht mehr in vollem Umfang zur Verf\u00fcgung. Wir ersuchen Sie \u2013 sofern und soweit erforderlich \u2013 aktiv um Ihre ausdr\u00fcckliche Einwilligung f\u00fcr die Verwendung von Cookies.<\/p><p>Bei Cookies, die f\u00fcr die Erfolgs- und Reichweitenmessung oder f\u00fcr Werbung verwendet werden, ist f\u00fcr zahlreiche Dienste ein allgemeiner Widerspruch (\u00abOpt-out\u00bb) \u00fcber die Network Advertising Initiative (NAI), YourAdChoices (Digital Advertising Alliance) oder Your Online Choices (European Interactive Digital Advertising Alliance, EDAA) m\u00f6glich.<\/p><p>5.2 Server-Logdateien<\/p><p>Wir k\u00f6nnen f\u00fcr jeden Zugriff auf unsere Website nachfolgende Angaben erfassen, sofern diese von Ihrem Browser an unsere Server-Infrastruktur \u00fcbermittelt werden oder von unserem Webserver ermittelt werden k\u00f6nnen: Datum und Zeit einschliesslich Zeitzone, Internet Protocol (IP)-Adresse, Zugriffsstatus (HTTP-Statuscode), Betriebssystem einschliesslich Benutzeroberfl\u00e4che und Version, Browser einschliesslich Sprache und Version, aufgerufene einzelne Unter-Seite unserer Website einschliesslich \u00fcbertragener Datenmenge, zuletzt im gleichen Browser-Fenster aufgerufene Webseite (Referer beziehungsweise Referrer).<\/p><p>Wir speichern solche Angaben, die auch Personendaten darstellen k\u00f6nnen, in Server-Logdateien. Die Angaben sind erforderlich, um unser Online-Angebot dauerhaft, nutzerfreundlich und zuverl\u00e4ssig bereitstellen sowie um die Datensicherheit und damit insbesondere den Schutz von Personendaten sicherstellen zu k\u00f6nnen \u2013 auch durch Dritte oder mit Hilfe von Dritten.<\/p><p>5.3 Z\u00e4hlpixel<\/p><p>Wir k\u00f6nnen Z\u00e4hlpixel auf unserer Website verwenden. Z\u00e4hlpixel werden auch als Web-Beacons bezeichnet. Bei Z\u00e4hlpixeln \u2013 auch von Dritten, deren Dienste wir nutzen \u2013 handelt es sich um kleine, \u00fcblicherweise nicht sichtbare Bilder, die beim Besuch unserer Website automatisch abgerufen werden. Mit Z\u00e4hlpixeln k\u00f6nnen die gleichen Angaben wie in Server-Logdateien erfasst werden.<\/p><ol start=\"6\"><li>Benachrichtigungen und Mitteilungen<\/li><\/ol><p>Wir versenden Benachrichtigungen und Mitteilungen wie beispielsweise Newsletter per E-Mail und \u00fcber andere Kommunikationskan\u00e4le wie beispielsweise Instant Messaging.<\/p><p>6.1 Erfolgsmessung- und Reichweitenmessung<\/p><p>Benachrichtigungen und Mitteilungen k\u00f6nnen Weblinks oder Z\u00e4hlpixel enthalten, die erfassen, ob eine einzelne Mitteilung ge\u00f6ffnet wurde und welche Weblinks dabei angeklickt wurden. Solche Weblinks und Z\u00e4hlpixel k\u00f6nnen die Nutzung von Benachrichtigungen und Mitteilungen auch personenbezogen erfassen. Wir ben\u00f6tigen diese statistische Erfassung der Nutzung f\u00fcr die Erfolgs- und Reichweitenmessung, um Benachrichtigungen und Mitteilungen aufgrund der Bed\u00fcrfnisse und Lesegewohnheiten der Empf\u00e4ngerinnen und Empf\u00e4nger effektiv und nutzerfreundlich sowie dauerhaft, sicher und zuverl\u00e4ssig anbieten zu k\u00f6nnen.<\/p><p>6.2 Einwilligung und Widerspruch<\/p><p>Sie m\u00fcssen grunds\u00e4tzlich in die Verwendung Ihrer E-Mail-Adresse und Ihrer sonstigen Kontaktadressen ausdr\u00fccklich einwilligen, es sei denn, die Verwendung ist aus anderen rechtlichen Gr\u00fcnden zul\u00e4ssig. F\u00fcr eine allf\u00e4llige Einwilligung f\u00fcr den Erhalt von E-Mails verwenden wir nach M\u00f6glichkeit das \u00abDouble Opt-in\u00bb-Verfahren, das heisst Sie erhalten eine E-Mail mit einem Weblink, den Sie zur Best\u00e4tigung anklicken m\u00fcssen, damit kein Missbrauch durch unberechtigte Dritte erfolgen kann. Wir k\u00f6nnen solche Einwilligungen einschliesslich Internet Protocol (IP)-Adresse sowie Datum und Zeit aus Beweis- und Sicherheitsgr\u00fcnden protokollieren.<\/p><p>Sie k\u00f6nnen sich grunds\u00e4tzlich jederzeit von Benachrichtigungen und Mitteilungen wie beispielsweise Newslettern abmelden. Vorbehalten bleiben Benachrichtigungen und Mitteilungen, die f\u00fcr unser Angebot zwingend erforderlich sind. Mit der Abmeldung k\u00f6nnen Sie insbesondere der statistischen Erfassung der Nutzung f\u00fcr die Erfolgs- und Reichweitenmessung widersprechen.<\/p><p>6.3 Dienstleister f\u00fcr Benachrichtigungen und Mitteilungen<\/p><p>Wir versenden Benachrichtigungen und Mitteilungen \u00fcber Dienste von Dritten oder mit Hilfe von Dienstleistern. Dabei k\u00f6nnen auch Cookies zum Einsatz kommen. Wir gew\u00e4hrleisten auch bei solchen Diensten einen angemessenen Datenschutz.<\/p><p>Wir verwenden MailerLite, um Newsletter versenden und verwalten zu k\u00f6nnen. MailerLite ist ein Dienst der UAB MailerLite in Litauen. Angaben \u00fcber Art, Umfang und Zweck der Datenbearbeitung finden sich in der Datenschutzerkl\u00e4rung von MailerLite.<\/p><ol start=\"7\"><li>Social Media<\/li><\/ol><p>Wir sind auf Social Media-Plattformen und anderen Online-Plattformen pr\u00e4sent, um mit interessierten Personen kommunizieren und \u00fcber unser Angebot informieren zu k\u00f6nnen. Dabei k\u00f6nnen Personendaten auch ausserhalb der Schweiz und des Europ\u00e4ischen Wirtschaftsraumes (EWR) bearbeitet werden.<\/p><p>Es gelten jeweils auch die Allgemeinen Gesch\u00e4ftsbedingungen (AGB) und Nutzungsbedingungen sowie Datenschutzerkl\u00e4rungen und sonstigen Bestimmungen der einzelnen Betreiber solcher Online-Plattformen. Diese Bestimmungen informieren insbesondere \u00fcber die Rechte von betroffenen Personen, wozu insbesondere das Recht auf Auskunft z\u00e4hlt.<\/p><ol start=\"8\"><li>Erfolgs- und Reichweitenmessung<\/li><\/ol><p>8.1 Google Analytics<\/p><p>Wir verwenden Google Analytics, um zu analysieren, wie unsere Website genutzt wird, wobei wir beispielsweise auch die Reichweite unser Website und den Erfolg von Verlinkungen Dritter auf unsere Website messen k\u00f6nnen. Es handelt sich um einen Dienst der amerikanischen Google LLC. F\u00fcr Nutzerinnen und Nutzer im Europ\u00e4ischen Wirtschaftsraum (EWR) und in der Schweiz ist die irische Google Ireland Limited verantwortlich.<\/p><p>Google versucht einzelne Besucherinnen und Besucher unserer Website auch zu erfassen, wenn sie verschiedene Browser oder Ger\u00e4te nutzen (Cross-Device Tracking). Dabei kommen auch Cookies zum Einsatz. F\u00fcr Google Analytics wird Ihre Internet Protocol (IP)-Adresse ben\u00f6tigt, die aber nicht mit anderen Daten von Google zusammengef\u00fchrt wird.<\/p><p>In jedem Fall lassen wir Ihre Internet Protocol (IP)-Adresse vor der Analyse durch Google anonymisieren. Im Ergebnis wird Ihre vollst\u00e4ndige IP-Adresse grunds\u00e4tzlich nicht an Google in den USA \u00fcbertragen.<\/p><p>Wir setzen Google Analytics mit Google-Signalen (Google Signals) ein. Damit erhalten wir erweiterte Statistiken \u00fcber Besucherinnen und Besucher unserer Website, die personalisierte Werbung als angemeldete Nutzerinnen oder Nutzer von Google aktiviert haben. Wir k\u00f6nnen trotz diesen erweiterten Statistiken keinen Bezug zu einzelnen Google-Nutzerkonten herstellen.<\/p><p>Weitere Angaben \u00fcber Art, Umfang und Zweck der Datenbearbeitung finden sich in den Grunds\u00e4tzen f\u00fcr Datenschutz und Sicherheit und in der Datenschutzerkl\u00e4rung jeweils von Google, im Leitfaden zum Datenschutz in Google-Produkten (einschliesslich Google Analytics), in den Informationen, wie Google Daten von Websites verwendet, auf denen Google-Dienste genutzt werden und in den Informationen \u00fcber Cookies bei Google. Ausserdem besteht die M\u00f6glichkeit, das \u00abBrowser Add-on zur Deaktivierung von Google Analytics\u00bb zu verwenden sowie Widerspruch gegen personalisierte Werbung zu erheben.<\/p><ol start=\"9\"><li>Dienste von Dritten<\/li><\/ol><p>Wir verwenden Dienste von Dritten, um unser Angebot dauerhaft, nutzerfreundlich, sicher und zuverl\u00e4ssig bereitstellen zu k\u00f6nnen. Solche Dienste dienen auch dazu, Inhalte in unsere Website einbetten zu k\u00f6nnen. Solche Dienste \u2013 beispielsweise Hosting- und Speicherdienste, Video-Dienste und Zahlungsdienste \u2013 ben\u00f6tigen Ihre Internet Protocol (IP)-Adresse, da solche Dienste die entsprechenden Inhalte ansonsten nicht \u00fcbermitteln k\u00f6nnen. Solche Dienste k\u00f6nnen sich ausserhalb der Schweiz und des Europ\u00e4ischen Wirtschaftsraumes (EWR) befinden, sofern ein angemessener Datenschutz gew\u00e4hrleistet ist.<\/p><p>F\u00fcr ihre eigenen sicherheitsrelevanten, statistischen und technischen Zwecke k\u00f6nnen Dritte, deren Dienste wir nutzen, auch Daten im Zusammenhang mit unserem Angebot sowie aus anderen Quellen \u2013 unter anderem mit Cookies, Logdateien und Z\u00e4hlpixeln \u2013 aggregiert, anonymisiert oder pseudonymisiert bearbeiten.<\/p><p>9.1 Digitale Infrastruktur<\/p><p>Wir nutzen Dienste von Dritten, um ben\u00f6tigte digitale Infrastruktur f\u00fcr unser Angebot in Anspruch nehmen zu k\u00f6nnen. Dazu z\u00e4hlen beispielsweise Hosting- und Speicherdienste von spezialisierten Anbietern.<\/p><p>9.2 Audio- und Video-Konferenzen<\/p><p>Wir verwenden Dienste f\u00fcr Audio- und Video-Konferenzen, um mit unseren Kundinnen und Kunden sowie sonstigen Personen kommunizieren zu k\u00f6nnen. Wir k\u00f6nnen damit beispielsweise Audio- und Video-Konferenzen, virtuelle Besprechungen sowie Schulungen wie beispielsweise Webinare durchf\u00fchren. Es gelten erg\u00e4nzend zu dieser Datenschutzerkl\u00e4rung jeweils auch allf\u00e4llige Bedingungen der verwendeten Dienste wie beispielsweise Nutzungsbedingungen oder Datenschutzerkl\u00e4rungen.<\/p><p>9.2.1 Wir verwenden insbesondere Google Meet (ehemals Google Hangouts Meet), einen Dienst der amerikanischen Google LLC. F\u00fcr Nutzerinnen und Nutzer im Europ\u00e4ischen Wirtschaftsraum (EWR) und in der Schweiz ist die irische Google Ireland Limited verantwortlich. Weitere Angaben \u00fcber Art, Umfang und Zweck der Datenbearbeitung finden sich in den Grunds\u00e4tzen f\u00fcr Datenschutz und Sicherheit und in der Datenschutzerkl\u00e4rung jeweils von Google, auf der Seite \u00abSicherheit und Datenschutz in Google Meet\u00bb und in den Informationen \u00fcber Cookies bei Google.<\/p><p>9.2.2 Wir verwenden insbesondere Microsoft Teams, einen Dienst der amerikanischen Microsoft Corporation. F\u00fcr Nutzerinnen und Nutzer im Europ\u00e4ischen Wirtschaftsraum (EWR), in Grossbritannien und in der Schweiz ist die Microsoft Ireland Operations Limited zust\u00e4ndig. Weitere Angaben \u00fcber Art, Umfang und Zweck der Datenbearbeitung finden sich in der Datenschutzerkl\u00e4rung von Microsoft, auf den Seiten \u00abDatenschutz bei Microsoft\u00bb und \u00abSicherheit und Compliance in Microsoft Teams\u00bb sowie im \u00abTrust Center\u00bb von Microsoft.<\/p><p>9.2.3 Wir verwenden insbesondere Skype, einen Dienst der amerikanischen Microsoft Corporation. F\u00fcr Nutzerinnen und Nutzer im Europ\u00e4ischen Wirtschaftsraum (EWR), in Grossbritannien und in der Schweiz ist die Microsoft Ireland Operations Limited zust\u00e4ndig. Weitere Angaben \u00fcber Art, Umfang und Zweck der Datenbearbeitung finden sich in der Datenschutzerkl\u00e4rung von Microsoft, auf der Seite \u00abDatenschutz bei Microsoft\u00bb und im \u00abTrust Center\u00bb von Microsoft.<\/p><p>9.3 Kartenmaterial<\/p><p>Wir verwenden Google Maps, um Karten in unsere Website einbetten zu k\u00f6nnen. Dabei kommen auch Cookies zum Einsatz. Google Maps ist ein Dienst der amerikanischen Google LLC. F\u00fcr Nutzerinnen und Nutzer im Europ\u00e4ischen Wirtschaftsraum (EWR) und in der Schweiz ist die irische Google Ireland Limited verantwortlich. Weitere Angaben \u00fcber Art, Umfang und Zweck der Datenbearbeitung finden sich in den Grunds\u00e4tzen f\u00fcr Datenschutz und Sicherheit und in der Datenschutzerkl\u00e4rung jeweils von Google, im Leitfaden zum Datenschutz in Google-Produkten (einschliesslich Google Maps), in den Informationen, wie Google Daten von Websites verwendet, auf denen Google-Dienste genutzt werden und in den Informationen \u00fcber Cookies bei Google. Ausserdem besteht die M\u00f6glichkeit, Widerspruch gegen personalisierte Werbung zu erheben.<\/p><p>\u00a0<\/p><ol start=\"10\"><li>Erweiterungen f\u00fcr die Website<\/li><\/ol><p>Wir verwenden Google reCAPTCHA, um Eingabeformulare vor Bots und Spam zu sch\u00fctzen, gleichzeitig aber Eingaben von Menschen zuverl\u00e4ssig zu erm\u00f6glichen. Dabei kommen auch Cookies zum Einsatz. Es handelt sich um einen Dienst der amerikanischen Google LLC. F\u00fcr Nutzerinnen und Nutzer im Europ\u00e4ischen Wirtschaftsraum (EWR) und in der Schweiz ist die irische Google Ireland Limited verantwortlich. Weitere Angaben \u00fcber Art, Umfang und Zweck der Datenbearbeitung finden sich in den Grunds\u00e4tzen f\u00fcr Datenschutz und Sicherheit und in der Datenschutzerkl\u00e4rung jeweils von Google sowie in den Informationen \u00fcber Cookies bei Google.<\/p><ol start=\"11\"><li>Schlussbestimmungen<\/li><\/ol><p>Wir haben diese Datenschutzerkl\u00e4rung mit dem Datenschutz-Generator von Datenschutzpartner erstellt.<\/p><p>Wir k\u00f6nnen diese Datenschutzerkl\u00e4rung jederzeit anpassen und erg\u00e4nzen. Wir werden \u00fcber solche Anpassungen und Erg\u00e4nzungen in geeigneter Form informieren, insbesondere durch Ver\u00f6ffentlichung der jeweils aktuellen Datenschutzerkl\u00e4rung auf unserer Website<\/p>\t\t\t\t\t<\/div>\n\t\t\t\t\t\t<\/div>\n\t\t\t\t<\/div>\n\t\t\t\t\t\t<\/div>\n\t\t\t\t\t<\/div>\n\t\t<\/div>\n\t\t\t\t\t\t\t\t<\/div>\n\t\t\t\t\t<\/div>\n\t\t<\/section>\n\t\t\t\t\t\t<\/div>\n\t\t\t\t\t\t<\/div>\n\t\t\t\t\t<\/div>\n\t\t","protected":false},"excerpt":{"rendered":"<p>Datenschutzerkl\u00e4rung In dieser Datenschutzerkl\u00e4rung erfahren Sie, welche Personendaten\u00a0von uns erhoben werden und welche Zwecke wir damit verfolgen\u00a0insbesondere im Zusammenhang mit unserer marktix.com-Website und unserem sonstigen Angebot (bspw. mein-wettbewerb.ch oder der Facebook-Seite mein-wettbewerb.ch).\u00a0 Personenbezogene Daten sind alle Daten, mit denen Sie\u00a0pers\u00f6nlich identifiziert werden k\u00f6nnen.\u00a0Wir informieren mit dieser Datenschutzerkl\u00e4rung \u00fcber die Rechte von Personen, deren Daten wir &hellip; <\/p>\n<p class=\"link-more\"><a href=\"https:\/\/www.marktix.com\/index.php\/datenschutzerklarung\/\" class=\"more-link\">Continue reading<span class=\"screen-reader-text\"> &#8220;Datenschutzerkl\u00e4rung&#8221;<\/span><\/a><\/p>\n","protected":false},"author":1,"featured_media":0,"parent":0,"menu_order":0,"comment_status":"closed","ping_status":"closed","template":"","meta":[],"_links":{"self":[{"href":"https:\/\/www.marktix.com\/index.php\/wp-json\/wp\/v2\/pages\/231"}],"collection":[{"href":"https:\/\/www.marktix.com\/index.php\/wp-json\/wp\/v2\/pages"}],"about":[{"href":"https:\/\/www.marktix.com\/index.php\/wp-json\/wp\/v2\/types\/page"}],"author":[{"embeddable":true,"href":"https:\/\/www.marktix.com\/index.php\/wp-json\/wp\/v2\/users\/1"}],"replies":[{"embeddable":true,"href":"https:\/\/www.marktix.com\/index.php\/wp-json\/wp\/v2\/comments?post=231"}],"version-history":[{"count":13,"href":"https:\/\/www.marktix.com\/index.php\/wp-json\/wp\/v2\/pages\/231\/revisions"}],"predecessor-version":[{"id":251,"href":"https:\/\/www.marktix.com\/index.php\/wp-json\/wp\/v2\/pages\/231\/revisions\/251"}],"wp:attachment":[{"href":"https:\/\/www.marktix.com\/index.php\/wp-json\/wp\/v2\/media?parent=231"}],"curies":[{"name":"wp","href":"https:\/\/api.w.org\/{rel}","templated":true}]}}